{"id":1712,"date":"2024-05-05T11:47:32","date_gmt":"2024-05-05T10:47:32","guid":{"rendered":"https:\/\/bnhukuk.com\/uzmanlik\/technology\/"},"modified":"2025-01-13T18:16:45","modified_gmt":"2025-01-13T18:16:45","slug":"teknoloji-hukuku","status":"publish","type":"page","link":"https:\/\/bnhukuk.com\/tr\/uzmanlik\/teknoloji-hukuku\/","title":{"rendered":"Teknoloji Hukuku"},"content":{"rendered":"<p><div class=\"fusion-fullwidth fullwidth-box fusion-builder-row-1 fusion-flex-container has-pattern-background has-mask-background fusion-parallax-none nonhundred-percent-fullwidth non-hundred-percent-height-scrolling lazyload\" style=\"--awb-border-radius-top-left:0px;--awb-border-radius-top-right:0px;--awb-border-radius-bottom-right:0px;--awb-border-radius-bottom-left:0px;--awb-padding-top:0px;--awb-margin-top:0px;--awb-min-height:360px;--awb-background-size:cover;--awb-flex-wrap:wrap;\" data-bg=\"http:\/\/bnhukuk.com\/wp-content\/uploads\/2024\/06\/Technology-Cut-Overlay.png\" ><div class=\"fusion-builder-row fusion-row fusion-flex-align-items-flex-start fusion-flex-content-wrap\" style=\"max-width:1216.8px;margin-left: calc(-4% \/ 2 );margin-right: calc(-4% \/ 2 );\"><div class=\"fusion-layout-column fusion_builder_column fusion-builder-column-0 fusion_builder_column_1_1 1_1 fusion-flex-column fusion-flex-align-self-center\" style=\"--awb-bg-size:cover;--awb-width-large:100%;--awb-margin-top-large:0px;--awb-spacing-right-large:1.92%;--awb-margin-bottom-large:20px;--awb-spacing-left-large:1.92%;--awb-width-medium:100%;--awb-order-medium:0;--awb-spacing-right-medium:1.92%;--awb-spacing-left-medium:1.92%;--awb-width-small:100%;--awb-order-small:0;--awb-spacing-right-small:1.92%;--awb-spacing-left-small:1.92%;\"><div class=\"fusion-column-wrapper fusion-column-has-shadow fusion-flex-justify-content-center fusion-content-layout-column\"><div class=\"fusion-title title fusion-title-1 fusion-title-center fusion-title-text fusion-title-size-one\" style=\"--awb-text-color:var(--awb-color2);\"><div class=\"title-sep-container title-sep-container-left\"><div class=\"title-sep sep- sep-solid\" style=\"border-color:var(--awb-color3);\"><\/div><\/div><span class=\"awb-title-spacer\"><\/span><h1 class=\"fusion-title-heading title-heading-center\" style=\"margin:0;text-transform:uppercase;\">Teknoloji Hukuku<\/h1><span class=\"awb-title-spacer\"><\/span><div class=\"title-sep-container title-sep-container-right\"><div class=\"title-sep sep- sep-solid\" style=\"border-color:var(--awb-color3);\"><\/div><\/div><\/div><div class=\"fusion-separator\" style=\"align-self: center;margin-left: auto;margin-right: auto;margin-top:10px;width:100%;max-width:200px;\"><div class=\"fusion-separator-border sep-single sep-solid\" style=\"--awb-height:20px;--awb-amount:20px;--awb-sep-color:rgba(245,245,245,0.43);border-color:rgba(245,245,245,0.43);border-top-width:1px;\"><\/div><\/div><\/div><\/div><\/div><\/div><div class=\"fusion-fullwidth fullwidth-box fusion-builder-row-2 fusion-flex-container has-pattern-background has-mask-background nonhundred-percent-fullwidth non-hundred-percent-height-scrolling\" style=\"--awb-border-radius-top-left:0px;--awb-border-radius-top-right:0px;--awb-border-radius-bottom-right:0px;--awb-border-radius-bottom-left:0px;--awb-padding-top:60px;--awb-flex-wrap:wrap;\" ><div class=\"fusion-builder-row fusion-row fusion-flex-align-items-flex-start fusion-flex-content-wrap\" style=\"max-width:1216.8px;margin-left: calc(-4% \/ 2 );margin-right: calc(-4% \/ 2 );\"><div class=\"fusion-layout-column fusion_builder_column fusion-builder-column-1 fusion_builder_column_1_1 1_1 fusion-flex-column\" style=\"--awb-bg-size:cover;--awb-width-large:100%;--awb-margin-top-large:0px;--awb-spacing-right-large:1.92%;--awb-margin-bottom-large:0px;--awb-spacing-left-large:1.92%;--awb-width-medium:100%;--awb-order-medium:0;--awb-spacing-right-medium:1.92%;--awb-spacing-left-medium:1.92%;--awb-width-small:100%;--awb-order-small:0;--awb-spacing-right-small:1.92%;--awb-spacing-left-small:1.92%;\"><div class=\"fusion-column-wrapper fusion-column-has-shadow fusion-flex-justify-content-flex-start fusion-content-layout-column\"><div class=\"fusion-separator fusion-full-width-sep\" style=\"align-self: center;margin-left: auto;margin-right: auto;width:100%;\"><div class=\"fusion-separator-border sep-single sep-solid\" style=\"--awb-height:20px;--awb-amount:20px;--awb-sep-color:var(--awb-color6);border-color:var(--awb-color6);border-top-width:5px;\"><\/div><\/div><\/div><\/div><div class=\"fusion-layout-column fusion_builder_column fusion-builder-column-2 fusion_builder_column_1_1 1_1 fusion-flex-column\" style=\"--awb-padding-top:60px;--awb-padding-right:60px;--awb-padding-bottom:50px;--awb-padding-left:60px;--awb-bg-color:var(--awb-color1);--awb-bg-color-hover:var(--awb-color1);--awb-bg-size:cover;--awb-border-color:var(--awb-color3);--awb-border-top:1px;--awb-border-right:1px;--awb-border-bottom:1px;--awb-border-left:1px;--awb-border-style:solid;--awb-width-large:100%;--awb-margin-top-large:0px;--awb-spacing-right-large:1.92%;--awb-margin-bottom-large:40px;--awb-spacing-left-large:1.92%;--awb-width-medium:100%;--awb-order-medium:0;--awb-spacing-right-medium:1.92%;--awb-spacing-left-medium:1.92%;--awb-width-small:100%;--awb-order-small:0;--awb-spacing-right-small:1.92%;--awb-spacing-left-small:1.92%;\"><div class=\"fusion-column-wrapper fusion-column-has-shadow fusion-flex-justify-content-flex-start fusion-content-layout-column\"><div class=\"fusion-builder-row fusion-builder-row-inner fusion-row fusion-flex-align-items-flex-start fusion-flex-content-wrap\" style=\"width:104% !important;max-width:104% !important;margin-left: calc(-4% \/ 2 );margin-right: calc(-4% \/ 2 );\"><div class=\"fusion-layout-column fusion_builder_column_inner fusion-builder-nested-column-0 fusion_builder_column_inner_1_4 1_4 fusion-flex-column\" style=\"--awb-bg-size:cover;--awb-width-large:25%;--awb-margin-top-large:0px;--awb-spacing-right-large:7.68%;--awb-margin-bottom-large:20px;--awb-spacing-left-large:7.68%;--awb-width-medium:100%;--awb-order-medium:0;--awb-spacing-right-medium:1.92%;--awb-spacing-left-medium:1.92%;--awb-width-small:100%;--awb-order-small:0;--awb-spacing-right-small:1.92%;--awb-spacing-left-small:1.92%;\"><div class=\"fusion-column-wrapper fusion-column-has-shadow fusion-flex-justify-content-flex-start fusion-content-layout-column\"><div class=\"fusion-title title fusion-title-2 fusion-title-text fusion-title-size-one technology-header expertise-header\"><div class=\"title-sep-container title-sep-container-left fusion-no-large-visibility fusion-no-medium-visibility fusion-no-small-visibility\"><div class=\"title-sep sep- sep-solid\" style=\"border-color:var(--awb-color3);\"><\/div><\/div><span class=\"awb-title-spacer fusion-no-large-visibility fusion-no-medium-visibility fusion-no-small-visibility\"><\/span><h1 class=\"fusion-title-heading title-heading-left\" style=\"margin:0;text-transform:uppercase;\">Hakk\u0131nda<\/h1><span class=\"awb-title-spacer\"><\/span><div class=\"title-sep-container title-sep-container-right\"><div class=\"title-sep sep- sep-solid\" style=\"border-color:var(--awb-color3);\"><\/div><\/div><\/div><\/div><\/div><div class=\"fusion-layout-column fusion_builder_column_inner fusion-builder-nested-column-1 fusion_builder_column_inner_3_4 3_4 fusion-flex-column\" style=\"--awb-bg-size:cover;--awb-width-large:75%;--awb-margin-top-large:0px;--awb-spacing-right-large:2.56%;--awb-margin-bottom-large:0px;--awb-spacing-left-large:2.56%;--awb-width-medium:100%;--awb-order-medium:0;--awb-spacing-right-medium:1.92%;--awb-spacing-left-medium:1.92%;--awb-width-small:100%;--awb-order-small:0;--awb-spacing-right-small:1.92%;--awb-spacing-left-small:1.92%;\"><div class=\"fusion-column-wrapper fusion-column-has-shadow fusion-flex-justify-content-flex-start fusion-content-layout-column\"><div class=\"fusion-text fusion-text-1\"><p>BN Hukuk B\u00fcrosu, teknoloji hukuku ve yapay zek\u00e2 alan\u0131nda uzman ekibi ile IT \u015firketlerine \u00f6zel hukuki hizmetler sunmaktad\u0131r.<\/p>\n<p>Teknoloji sekt\u00f6r\u00fcn\u00fcn her an de\u011fi\u015fen hukuki gerekliliklerini yak\u0131ndan takip ediyoruz. Teknoloji \u015firketlerine dan\u0131\u015fmanl\u0131k ve yaz\u0131l\u0131m geli\u015ftirme s\u00f6zle\u015fmeleri, yaz\u0131l\u0131m lisanslama s\u00f6zle\u015fmeleri, Cloud ve hosting s\u00f6zle\u015fmeleri de dahil olmak \u00fczere altyap\u0131 hizmeti (IaaS), platform hizmeti (PaaS) ve yaz\u0131l\u0131m hizmeti (SaaS) s\u00f6zle\u015fmelerinin haz\u0131rlanmas\u0131, IT altyap\u0131s\u0131, uygulama geli\u015ftirme ve bak\u0131m hizmetleri, veri depolama ve veri merkezi operasyonlar\u0131, veri gizlili\u011fi ve veri g\u00fcvenli\u011fi ve fikri m\u00fclkiyet haklar\u0131n\u0131n y\u00f6netimi gibi alanlarda kapsaml\u0131 hukuki destek sunuyoruz.<\/p>\n<p>Hukuki dan\u0131\u015fmanl\u0131k hizmetlerimizle, operasyonlar\u0131n\u0131z\u0131n e-ticaret ve siber g\u00fcvenlik mevzuat\u0131na uygun hale getirilmesine, mevzuata uyum s\u00fcrecinin y\u00f6netilmesine ve olas\u0131 hukuki sorunlar\u0131n \u00f6n\u00fcne ge\u00e7ilmesine yard\u0131mc\u0131 oluyoruz. Ayr\u0131ca, birle\u015fme ve sat\u0131n almalar, proje finansman\u0131 ve stratejik ortakl\u0131klar gibi IT \u015firketlerinin hukuki s\u00fcre\u00e7lerinin y\u00f6netimine yard\u0131mc\u0131 oluyor, m\u00fcvekkillerimizin b\u00fcy\u00fcmesi ve h\u0131zl\u0131 de\u011fi\u015fen dijital ortamda \u00f6nlerine \u00e7\u0131kan f\u0131rsatlar\u0131 en iyi \u015fekilde de\u011ferlendirebilmeleri i\u00e7in m\u00fcvekkillerimize teknolojik ve i\u015f hedefleri ile uyumlu hukuki rehberlik sa\u011fl\u0131yoruz.<\/p>\n<\/div><\/div><\/div><\/div><\/div><\/div><\/div><\/div><\/p>\n","protected":false},"excerpt":{"rendered":"","protected":false},"author":1,"featured_media":0,"parent":1680,"menu_order":0,"comment_status":"closed","ping_status":"closed","template":"","meta":{"_monsterinsights_skip_tracking":false,"_monsterinsights_sitenote_active":false,"_monsterinsights_sitenote_note":"","_monsterinsights_sitenote_category":0,"_uf_show_specific_survey":0,"_uf_disable_surveys":false,"footnotes":""},"class_list":["post-1712","page","type-page","status-publish","hentry"],"aioseo_notices":[],"_links":{"self":[{"href":"https:\/\/bnhukuk.com\/tr\/wp-json\/wp\/v2\/pages\/1712","targetHints":{"allow":["GET"]}}],"collection":[{"href":"https:\/\/bnhukuk.com\/tr\/wp-json\/wp\/v2\/pages"}],"about":[{"href":"https:\/\/bnhukuk.com\/tr\/wp-json\/wp\/v2\/types\/page"}],"author":[{"embeddable":true,"href":"https:\/\/bnhukuk.com\/tr\/wp-json\/wp\/v2\/users\/1"}],"replies":[{"embeddable":true,"href":"https:\/\/bnhukuk.com\/tr\/wp-json\/wp\/v2\/comments?post=1712"}],"version-history":[{"count":2,"href":"https:\/\/bnhukuk.com\/tr\/wp-json\/wp\/v2\/pages\/1712\/revisions"}],"predecessor-version":[{"id":1737,"href":"https:\/\/bnhukuk.com\/tr\/wp-json\/wp\/v2\/pages\/1712\/revisions\/1737"}],"up":[{"embeddable":true,"href":"https:\/\/bnhukuk.com\/tr\/wp-json\/wp\/v2\/pages\/1680"}],"wp:attachment":[{"href":"https:\/\/bnhukuk.com\/tr\/wp-json\/wp\/v2\/media?parent=1712"}],"curies":[{"name":"wp","href":"https:\/\/api.w.org\/{rel}","templated":true}]}}