{"id":1707,"date":"2024-05-13T12:00:46","date_gmt":"2024-05-13T11:00:46","guid":{"rendered":"https:\/\/bnhukuk.com\/uzmanlik\/start-ups-and-scale-ups\/"},"modified":"2025-01-12T13:04:33","modified_gmt":"2025-01-12T13:04:33","slug":"startuplar-kucuk-orta-olcekli-isletmeler","status":"publish","type":"page","link":"https:\/\/bnhukuk.com\/tr\/uzmanlik\/startuplar-kucuk-orta-olcekli-isletmeler\/","title":{"rendered":"Start-Up&#8217;lar ve KOB\u0130&#8217;ler"},"content":{"rendered":"<p><div class=\"fusion-fullwidth fullwidth-box fusion-builder-row-1 fusion-flex-container has-pattern-background has-mask-background fusion-parallax-none nonhundred-percent-fullwidth non-hundred-percent-height-scrolling lazyload\" style=\"--awb-background-position:center top;--awb-border-radius-top-left:0px;--awb-border-radius-top-right:0px;--awb-border-radius-bottom-right:0px;--awb-border-radius-bottom-left:0px;--awb-padding-top:0px;--awb-margin-top:0px;--awb-min-height:360px;--awb-background-size:cover;--awb-flex-wrap:wrap;\" data-bg=\"http:\/\/bnhukuk.com\/wp-content\/uploads\/2024\/06\/Startups-Cut-Overlay.png\" ><div class=\"fusion-builder-row fusion-row fusion-flex-align-items-flex-start fusion-flex-content-wrap\" style=\"max-width:1216.8px;margin-left: calc(-4% \/ 2 );margin-right: calc(-4% \/ 2 );\"><div class=\"fusion-layout-column fusion_builder_column fusion-builder-column-0 fusion_builder_column_1_1 1_1 fusion-flex-column fusion-flex-align-self-center\" style=\"--awb-bg-size:cover;--awb-width-large:100%;--awb-margin-top-large:0px;--awb-spacing-right-large:1.92%;--awb-margin-bottom-large:20px;--awb-spacing-left-large:1.92%;--awb-width-medium:100%;--awb-order-medium:0;--awb-spacing-right-medium:1.92%;--awb-spacing-left-medium:1.92%;--awb-width-small:100%;--awb-order-small:0;--awb-spacing-right-small:1.92%;--awb-spacing-left-small:1.92%;\"><div class=\"fusion-column-wrapper fusion-column-has-shadow fusion-flex-justify-content-center fusion-content-layout-column\"><div class=\"fusion-title title fusion-title-1 fusion-title-center fusion-title-text fusion-title-size-one\" style=\"--awb-text-color:var(--awb-color2);\"><div class=\"title-sep-container title-sep-container-left\"><div class=\"title-sep sep- sep-solid\" style=\"border-color:var(--awb-color3);\"><\/div><\/div><span class=\"awb-title-spacer\"><\/span><h1 class=\"fusion-title-heading title-heading-center\" style=\"margin:0;text-transform:uppercase;\">Start-Up\u2019lar, K\u00fc\u00e7\u00fck ve Orta \u00d6l\u00e7ekli \u015eirketler<\/h1><span class=\"awb-title-spacer\"><\/span><div class=\"title-sep-container title-sep-container-right\"><div class=\"title-sep sep- sep-solid\" style=\"border-color:var(--awb-color3);\"><\/div><\/div><\/div><div class=\"fusion-separator\" style=\"align-self: center;margin-left: auto;margin-right: auto;margin-top:10px;width:100%;max-width:200px;\"><div class=\"fusion-separator-border sep-single sep-solid\" style=\"--awb-height:20px;--awb-amount:20px;--awb-sep-color:rgba(245,245,245,0.43);border-color:rgba(245,245,245,0.43);border-top-width:1px;\"><\/div><\/div><\/div><\/div><\/div><\/div><div class=\"fusion-fullwidth fullwidth-box fusion-builder-row-2 fusion-flex-container has-pattern-background has-mask-background nonhundred-percent-fullwidth non-hundred-percent-height-scrolling\" style=\"--awb-border-radius-top-left:0px;--awb-border-radius-top-right:0px;--awb-border-radius-bottom-right:0px;--awb-border-radius-bottom-left:0px;--awb-padding-top:60px;--awb-flex-wrap:wrap;\" ><div class=\"fusion-builder-row fusion-row fusion-flex-align-items-flex-start fusion-flex-content-wrap\" style=\"max-width:1216.8px;margin-left: calc(-4% \/ 2 );margin-right: calc(-4% \/ 2 );\"><div class=\"fusion-layout-column fusion_builder_column fusion-builder-column-1 fusion_builder_column_1_1 1_1 fusion-flex-column\" style=\"--awb-bg-size:cover;--awb-width-large:100%;--awb-margin-top-large:0px;--awb-spacing-right-large:1.92%;--awb-margin-bottom-large:0px;--awb-spacing-left-large:1.92%;--awb-width-medium:100%;--awb-order-medium:0;--awb-spacing-right-medium:1.92%;--awb-spacing-left-medium:1.92%;--awb-width-small:100%;--awb-order-small:0;--awb-spacing-right-small:1.92%;--awb-spacing-left-small:1.92%;\"><div class=\"fusion-column-wrapper fusion-column-has-shadow fusion-flex-justify-content-flex-start fusion-content-layout-column\"><div class=\"fusion-separator fusion-full-width-sep\" style=\"align-self: center;margin-left: auto;margin-right: auto;width:100%;\"><div class=\"fusion-separator-border sep-single sep-solid\" style=\"--awb-height:20px;--awb-amount:20px;--awb-sep-color:var(--awb-color6);border-color:var(--awb-color6);border-top-width:5px;\"><\/div><\/div><\/div><\/div><div class=\"fusion-layout-column fusion_builder_column fusion-builder-column-2 fusion_builder_column_1_1 1_1 fusion-flex-column\" style=\"--awb-padding-top:60px;--awb-padding-right:60px;--awb-padding-bottom:50px;--awb-padding-left:60px;--awb-bg-color:var(--awb-color1);--awb-bg-color-hover:var(--awb-color1);--awb-bg-size:cover;--awb-border-color:var(--awb-color3);--awb-border-top:1px;--awb-border-right:1px;--awb-border-bottom:1px;--awb-border-left:1px;--awb-border-style:solid;--awb-width-large:100%;--awb-margin-top-large:0px;--awb-spacing-right-large:1.92%;--awb-margin-bottom-large:40px;--awb-spacing-left-large:1.92%;--awb-width-medium:100%;--awb-order-medium:0;--awb-spacing-right-medium:1.92%;--awb-spacing-left-medium:1.92%;--awb-width-small:100%;--awb-order-small:0;--awb-spacing-right-small:1.92%;--awb-spacing-left-small:1.92%;\"><div class=\"fusion-column-wrapper fusion-column-has-shadow fusion-flex-justify-content-flex-start fusion-content-layout-column\"><div class=\"fusion-builder-row fusion-builder-row-inner fusion-row fusion-flex-align-items-flex-start fusion-flex-content-wrap\" style=\"width:104% !important;max-width:104% !important;margin-left: calc(-4% \/ 2 );margin-right: calc(-4% \/ 2 );\"><div class=\"fusion-layout-column fusion_builder_column_inner fusion-builder-nested-column-0 fusion_builder_column_inner_1_4 1_4 fusion-flex-column\" style=\"--awb-bg-size:cover;--awb-width-large:25%;--awb-margin-top-large:0px;--awb-spacing-right-large:7.68%;--awb-margin-bottom-large:20px;--awb-spacing-left-large:7.68%;--awb-width-medium:100%;--awb-order-medium:0;--awb-spacing-right-medium:1.92%;--awb-spacing-left-medium:1.92%;--awb-width-small:100%;--awb-order-small:0;--awb-spacing-right-small:1.92%;--awb-spacing-left-small:1.92%;\"><div class=\"fusion-column-wrapper fusion-column-has-shadow fusion-flex-justify-content-flex-start fusion-content-layout-column\"><div class=\"fusion-title title fusion-title-2 fusion-title-text fusion-title-size-one startups-header expertise-header\"><div class=\"title-sep-container title-sep-container-left fusion-no-large-visibility fusion-no-medium-visibility fusion-no-small-visibility\"><div class=\"title-sep sep- sep-solid\" style=\"border-color:var(--awb-color3);\"><\/div><\/div><span class=\"awb-title-spacer fusion-no-large-visibility fusion-no-medium-visibility fusion-no-small-visibility\"><\/span><h1 class=\"fusion-title-heading title-heading-left\" style=\"margin:0;text-transform:uppercase;\">Hakk\u0131nda<\/h1><span class=\"awb-title-spacer\"><\/span><div class=\"title-sep-container title-sep-container-right\"><div class=\"title-sep sep- sep-solid\" style=\"border-color:var(--awb-color3);\"><\/div><\/div><\/div><\/div><\/div><div class=\"fusion-layout-column fusion_builder_column_inner fusion-builder-nested-column-1 fusion_builder_column_inner_3_4 3_4 fusion-flex-column\" style=\"--awb-bg-size:cover;--awb-width-large:75%;--awb-margin-top-large:0px;--awb-spacing-right-large:2.56%;--awb-margin-bottom-large:0px;--awb-spacing-left-large:2.56%;--awb-width-medium:100%;--awb-order-medium:0;--awb-spacing-right-medium:1.92%;--awb-spacing-left-medium:1.92%;--awb-width-small:100%;--awb-order-small:0;--awb-spacing-right-small:1.92%;--awb-spacing-left-small:1.92%;\"><div class=\"fusion-column-wrapper fusion-column-has-shadow fusion-flex-justify-content-flex-start fusion-content-layout-column\"><div class=\"fusion-text fusion-text-1\"><p>Bir i\u015f fikrini ger\u00e7e\u011fe d\u00f6n\u00fc\u015ft\u00fcrmenin, finansman bulman\u0131n, do\u011fru i\u015f ortam\u0131n\u0131 se\u00e7menin ve maliyetlerle ba\u015fa \u00e7\u0131kman\u0131n olduk\u00e7a zorlu oldu\u011funu biliyoruz. BN Hukuk B\u00fcrosu olarak, start-up\u2019lar\u0131n ve b\u00fcy\u00fcmekte olan k\u00fc\u00e7\u00fck ve orta \u00f6l\u00e7ekli \u015firketlerin benzersiz ihtiya\u00e7lar\u0131na y\u00f6nelik kapsaml\u0131 hukuki hizmetler sunuyoruz. \u0130lk kurulu\u015f ve tescil a\u015famas\u0131ndan ba\u015flayarak giri\u015fiminizin sa\u011flam bir yasal temel \u00fczerine in\u015fa edilmesini sa\u011flayabilmek i\u00e7in her t\u00fcrl\u00fc hukuki deste\u011fi sa\u011fl\u0131yoruz. Kurumsal kimli\u011finizin, markan\u0131z\u0131n ya da bulu\u015flar\u0131n\u0131z\u0131n korunmas\u0131, i\u015f s\u00f6zle\u015fmeleri, ortakl\u0131k ve yat\u0131r\u0131mc\u0131 s\u00f6zle\u015fmelerinizin incelenmesi gibi konularda hukuki dan\u0131\u015fmanl\u0131k hizmetleri vermekteyiz.<\/p>\n<p>Ayr\u0131ca, sekt\u00f6re \u00f6zg\u00fc yerel yasa ve y\u00f6netmeliklere uyum konusunda rehberlik sa\u011flayarak, hukuki s\u00fcrecin zorluklar\u0131n\u0131 kolayl\u0131kla a\u015fman\u0131za yard\u0131mc\u0131 oluyoruz. B\u00fcy\u00fcme hedeflerinizi desteklemek i\u00e7in yat\u0131r\u0131m ve finansman bulma konular\u0131nda stratejik dan\u0131\u015fmanl\u0131k sunuyor, yat\u0131r\u0131mc\u0131larla m\u00fczakereleri y\u00f6netme ve sermaye finansman\u0131 turlar\u0131nda size rehberlik ediyoruz.<\/p>\n<\/div><\/div><\/div><\/div><\/div><\/div><\/div><\/div><\/p>\n","protected":false},"excerpt":{"rendered":"","protected":false},"author":1,"featured_media":0,"parent":1680,"menu_order":0,"comment_status":"closed","ping_status":"closed","template":"","meta":{"_monsterinsights_skip_tracking":false,"_monsterinsights_sitenote_active":false,"_monsterinsights_sitenote_note":"","_monsterinsights_sitenote_category":0,"_uf_show_specific_survey":0,"_uf_disable_surveys":false,"footnotes":""},"class_list":["post-1707","page","type-page","status-publish","hentry"],"aioseo_notices":[],"_links":{"self":[{"href":"https:\/\/bnhukuk.com\/tr\/wp-json\/wp\/v2\/pages\/1707","targetHints":{"allow":["GET"]}}],"collection":[{"href":"https:\/\/bnhukuk.com\/tr\/wp-json\/wp\/v2\/pages"}],"about":[{"href":"https:\/\/bnhukuk.com\/tr\/wp-json\/wp\/v2\/types\/page"}],"author":[{"embeddable":true,"href":"https:\/\/bnhukuk.com\/tr\/wp-json\/wp\/v2\/users\/1"}],"replies":[{"embeddable":true,"href":"https:\/\/bnhukuk.com\/tr\/wp-json\/wp\/v2\/comments?post=1707"}],"version-history":[{"count":3,"href":"https:\/\/bnhukuk.com\/tr\/wp-json\/wp\/v2\/pages\/1707\/revisions"}],"predecessor-version":[{"id":1710,"href":"https:\/\/bnhukuk.com\/tr\/wp-json\/wp\/v2\/pages\/1707\/revisions\/1710"}],"up":[{"embeddable":true,"href":"https:\/\/bnhukuk.com\/tr\/wp-json\/wp\/v2\/pages\/1680"}],"wp:attachment":[{"href":"https:\/\/bnhukuk.com\/tr\/wp-json\/wp\/v2\/media?parent=1707"}],"curies":[{"name":"wp","href":"https:\/\/api.w.org\/{rel}","templated":true}]}}