{"id":1695,"date":"2024-05-13T08:58:03","date_gmt":"2024-05-13T07:58:03","guid":{"rendered":"https:\/\/bnhukuk.com\/uzmanlik\/commercial-agreements\/"},"modified":"2025-01-12T11:46:25","modified_gmt":"2025-01-12T11:46:25","slug":"ticari-sozlesmeler","status":"publish","type":"page","link":"https:\/\/bnhukuk.com\/tr\/uzmanlik\/ticari-sozlesmeler\/","title":{"rendered":"Ticari S\u00f6zle\u015fmeler"},"content":{"rendered":"<p><div class=\"fusion-fullwidth fullwidth-box fusion-builder-row-1 fusion-flex-container has-pattern-background has-mask-background fusion-parallax-none nonhundred-percent-fullwidth non-hundred-percent-height-scrolling lazyload\" style=\"--awb-border-radius-top-left:0px;--awb-border-radius-top-right:0px;--awb-border-radius-bottom-right:0px;--awb-border-radius-bottom-left:0px;--awb-padding-top:0px;--awb-margin-top:0px;--awb-min-height:360px;--awb-background-size:cover;--awb-flex-wrap:wrap;\" data-bg=\"http:\/\/bnhukuk.com\/wp-content\/uploads\/2024\/06\/SignatureOrig-Overlay.png\" ><div class=\"fusion-builder-row fusion-row fusion-flex-align-items-flex-start fusion-flex-content-wrap\" style=\"max-width:1216.8px;margin-left: calc(-4% \/ 2 );margin-right: calc(-4% \/ 2 );\"><div class=\"fusion-layout-column fusion_builder_column fusion-builder-column-0 fusion_builder_column_1_1 1_1 fusion-flex-column fusion-flex-align-self-center\" style=\"--awb-bg-size:cover;--awb-width-large:100%;--awb-margin-top-large:0px;--awb-spacing-right-large:1.92%;--awb-margin-bottom-large:20px;--awb-spacing-left-large:1.92%;--awb-width-medium:100%;--awb-order-medium:0;--awb-spacing-right-medium:1.92%;--awb-spacing-left-medium:1.92%;--awb-width-small:100%;--awb-order-small:0;--awb-spacing-right-small:1.92%;--awb-spacing-left-small:1.92%;\"><div class=\"fusion-column-wrapper fusion-column-has-shadow fusion-flex-justify-content-center fusion-content-layout-column\"><div class=\"fusion-title title fusion-title-1 fusion-title-center fusion-title-text fusion-title-size-one\" style=\"--awb-text-color:var(--awb-color2);\"><div class=\"title-sep-container title-sep-container-left\"><div class=\"title-sep sep- sep-solid\" style=\"border-color:var(--awb-color3);\"><\/div><\/div><span class=\"awb-title-spacer\"><\/span><h1 class=\"fusion-title-heading title-heading-center\" style=\"margin:0;text-transform:uppercase;\">Ticari S\u00f6zle\u015fmeler<\/h1><span class=\"awb-title-spacer\"><\/span><div class=\"title-sep-container title-sep-container-right\"><div class=\"title-sep sep- sep-solid\" style=\"border-color:var(--awb-color3);\"><\/div><\/div><\/div><div class=\"fusion-separator\" style=\"align-self: center;margin-left: auto;margin-right: auto;margin-top:10px;width:100%;max-width:200px;\"><div class=\"fusion-separator-border sep-single sep-solid\" style=\"--awb-height:20px;--awb-amount:20px;--awb-sep-color:rgba(245,245,245,0.43);border-color:rgba(245,245,245,0.43);border-top-width:1px;\"><\/div><\/div><\/div><\/div><\/div><\/div><div class=\"fusion-fullwidth fullwidth-box fusion-builder-row-2 fusion-flex-container has-pattern-background has-mask-background nonhundred-percent-fullwidth non-hundred-percent-height-scrolling\" style=\"--awb-border-radius-top-left:0px;--awb-border-radius-top-right:0px;--awb-border-radius-bottom-right:0px;--awb-border-radius-bottom-left:0px;--awb-padding-top:60px;--awb-flex-wrap:wrap;\" ><div class=\"fusion-builder-row fusion-row fusion-flex-align-items-flex-start fusion-flex-content-wrap\" style=\"max-width:1216.8px;margin-left: calc(-4% \/ 2 );margin-right: calc(-4% \/ 2 );\"><div class=\"fusion-layout-column fusion_builder_column fusion-builder-column-1 fusion_builder_column_1_1 1_1 fusion-flex-column\" style=\"--awb-bg-size:cover;--awb-width-large:100%;--awb-margin-top-large:0px;--awb-spacing-right-large:1.92%;--awb-margin-bottom-large:0px;--awb-spacing-left-large:1.92%;--awb-width-medium:100%;--awb-order-medium:0;--awb-spacing-right-medium:1.92%;--awb-spacing-left-medium:1.92%;--awb-width-small:100%;--awb-order-small:0;--awb-spacing-right-small:1.92%;--awb-spacing-left-small:1.92%;\"><div class=\"fusion-column-wrapper fusion-column-has-shadow fusion-flex-justify-content-flex-start fusion-content-layout-column\"><div class=\"fusion-separator fusion-full-width-sep\" style=\"align-self: center;margin-left: auto;margin-right: auto;width:100%;\"><div class=\"fusion-separator-border sep-single sep-solid\" style=\"--awb-height:20px;--awb-amount:20px;--awb-sep-color:var(--awb-color6);border-color:var(--awb-color6);border-top-width:5px;\"><\/div><\/div><\/div><\/div><div class=\"fusion-layout-column fusion_builder_column fusion-builder-column-2 fusion_builder_column_1_1 1_1 fusion-flex-column\" style=\"--awb-padding-top:60px;--awb-padding-right:60px;--awb-padding-bottom:50px;--awb-padding-left:60px;--awb-bg-color:var(--awb-color1);--awb-bg-color-hover:var(--awb-color1);--awb-bg-size:cover;--awb-border-color:var(--awb-color3);--awb-border-top:1px;--awb-border-right:1px;--awb-border-bottom:1px;--awb-border-left:1px;--awb-border-style:solid;--awb-width-large:100%;--awb-margin-top-large:0px;--awb-spacing-right-large:1.92%;--awb-margin-bottom-large:40px;--awb-spacing-left-large:1.92%;--awb-width-medium:100%;--awb-order-medium:0;--awb-spacing-right-medium:1.92%;--awb-spacing-left-medium:1.92%;--awb-width-small:100%;--awb-order-small:0;--awb-spacing-right-small:1.92%;--awb-spacing-left-small:1.92%;\"><div class=\"fusion-column-wrapper fusion-column-has-shadow fusion-flex-justify-content-flex-start fusion-content-layout-column\"><div class=\"fusion-builder-row fusion-builder-row-inner fusion-row fusion-flex-align-items-flex-start fusion-flex-content-wrap\" style=\"width:104% !important;max-width:104% !important;margin-left: calc(-4% \/ 2 );margin-right: calc(-4% \/ 2 );\"><div class=\"fusion-layout-column fusion_builder_column_inner fusion-builder-nested-column-0 fusion_builder_column_inner_1_4 1_4 fusion-flex-column\" style=\"--awb-bg-size:cover;--awb-width-large:25%;--awb-margin-top-large:0px;--awb-spacing-right-large:7.68%;--awb-margin-bottom-large:20px;--awb-spacing-left-large:7.68%;--awb-width-medium:100%;--awb-order-medium:0;--awb-spacing-right-medium:1.92%;--awb-spacing-left-medium:1.92%;--awb-width-small:100%;--awb-order-small:0;--awb-spacing-right-small:1.92%;--awb-spacing-left-small:1.92%;\"><div class=\"fusion-column-wrapper fusion-column-has-shadow fusion-flex-justify-content-flex-start fusion-content-layout-column\"><div class=\"fusion-title title fusion-title-2 fusion-title-text fusion-title-size-one comm-aggr-header expertise-header\" style=\"--awb-text-color:#203a51;\"><div class=\"title-sep-container title-sep-container-left fusion-no-large-visibility fusion-no-medium-visibility fusion-no-small-visibility\"><div class=\"title-sep sep- sep-solid\" style=\"border-color:var(--awb-color3);\"><\/div><\/div><span class=\"awb-title-spacer fusion-no-large-visibility fusion-no-medium-visibility fusion-no-small-visibility\"><\/span><h1 class=\"fusion-title-heading title-heading-left\" style=\"margin:0;text-transform:uppercase;\">Hakk\u0131nda<\/h1><span class=\"awb-title-spacer\"><\/span><div class=\"title-sep-container title-sep-container-right\"><div class=\"title-sep sep- sep-solid\" style=\"border-color:var(--awb-color3);\"><\/div><\/div><\/div><\/div><\/div><div class=\"fusion-layout-column fusion_builder_column_inner fusion-builder-nested-column-1 fusion_builder_column_inner_3_4 3_4 fusion-flex-column\" style=\"--awb-bg-size:cover;--awb-width-large:75%;--awb-margin-top-large:0px;--awb-spacing-right-large:2.56%;--awb-margin-bottom-large:0px;--awb-spacing-left-large:2.56%;--awb-width-medium:100%;--awb-order-medium:0;--awb-spacing-right-medium:1.92%;--awb-spacing-left-medium:1.92%;--awb-width-small:100%;--awb-order-small:0;--awb-spacing-right-small:1.92%;--awb-spacing-left-small:1.92%;\"><div class=\"fusion-column-wrapper fusion-column-has-shadow fusion-flex-justify-content-flex-start fusion-content-layout-column\"><div class=\"fusion-text fusion-text-1\"><p>BN Hukuk B\u00fcrosu ticari s\u00f6zle\u015fmeler alan\u0131nda geni\u015f bir yelpazede dan\u0131\u015fmanl\u0131k hizmetleri vermektedir. Bu kapsamda, ki\u015fiye ya da \u015firkete \u00f6zel ticari s\u00f6zle\u015fmelerin ya da standardize edilmi\u015f s\u00f6zle\u015fme \u015fablonlar\u0131n\u0131n haz\u0131rlanmas\u0131 ve ticari s\u00f6zle\u015fmelerin incelenmesi, m\u00fczakere edilmesi, feshedilmesi ve bu s\u00fcre\u00e7lerin takibi alan\u0131nda dan\u0131\u015fmanl\u0131k hizmeti vermekteyiz. Ticari hayatta do\u011fru s\u00f6zle\u015fmenin haz\u0131rlanmas\u0131 ve m\u00fczakereler s\u0131ras\u0131nda ivedilikle hareket edilmesi hayati \u00f6nem arz etmektedir. Bu anlay\u0131\u015fla, s\u00f6zle\u015fme ihtiya\u00e7lar\u0131 olan yerli ve uluslararas\u0131 \u015firketlere h\u0131zl\u0131 ve etkili hukuki dan\u0131\u015fmanl\u0131k hizmeti sa\u011fl\u0131yoruz.<\/p>\n<p>Yakla\u015f\u0131m\u0131m\u0131z, m\u00fcvekkillerimizin ihtiya\u00e7lar\u0131n\u0131 ve i\u015f hedeflerini do\u011fru \u015fekilde anlamak ve bu ihtiya\u00e7lara y\u00f6nelik \u00e7\u00f6z\u00fcmler \u00fcretmektir.<\/p>\n<\/div><\/div><\/div><\/div><div class=\"fusion-separator fusion-full-width-sep\" style=\"align-self: center;margin-left: auto;margin-right: auto;margin-top:20px;margin-bottom:20px;width:100%;\"><div class=\"fusion-separator-border sep-single sep-solid\" style=\"--awb-height:20px;--awb-amount:20px;border-color:var(--awb-color3);border-top-width:2px;\"><\/div><\/div><div class=\"fusion-builder-row fusion-builder-row-inner fusion-row fusion-flex-align-items-flex-start fusion-flex-content-wrap\" style=\"width:104% !important;max-width:104% !important;margin-left: calc(-4% \/ 2 );margin-right: calc(-4% \/ 2 );\"><div class=\"fusion-layout-column fusion_builder_column_inner fusion-builder-nested-column-2 fusion_builder_column_inner_1_4 1_4 fusion-flex-column\" style=\"--awb-bg-size:cover;--awb-width-large:25%;--awb-margin-top-large:0px;--awb-spacing-right-large:7.68%;--awb-margin-bottom-large:20px;--awb-spacing-left-large:7.68%;--awb-width-medium:100%;--awb-order-medium:0;--awb-spacing-right-medium:1.92%;--awb-spacing-left-medium:1.92%;--awb-width-small:100%;--awb-order-small:0;--awb-spacing-right-small:1.92%;--awb-spacing-left-small:1.92%;\"><div class=\"fusion-column-wrapper fusion-column-has-shadow fusion-flex-justify-content-flex-start fusion-content-layout-column\"><div class=\"fusion-title title fusion-title-3 fusion-title-text fusion-title-size-one comm-aggr-header expertise-header\"><div class=\"title-sep-container title-sep-container-left fusion-no-large-visibility fusion-no-medium-visibility fusion-no-small-visibility\"><div class=\"title-sep sep- sep-solid\" style=\"border-color:var(--awb-color3);\"><\/div><\/div><span class=\"awb-title-spacer fusion-no-large-visibility fusion-no-medium-visibility fusion-no-small-visibility\"><\/span><h1 class=\"fusion-title-heading title-heading-left\" style=\"margin:0;text-transform:uppercase;\">Deneyim<\/h1><span class=\"awb-title-spacer\"><\/span><div class=\"title-sep-container title-sep-container-right\"><div class=\"title-sep sep- sep-solid\" style=\"border-color:var(--awb-color3);\"><\/div><\/div><\/div><\/div><\/div><div class=\"fusion-layout-column fusion_builder_column_inner fusion-builder-nested-column-3 fusion_builder_column_inner_3_4 3_4 fusion-flex-column\" style=\"--awb-bg-size:cover;--awb-width-large:75%;--awb-margin-top-large:0px;--awb-spacing-right-large:2.56%;--awb-margin-bottom-large:0px;--awb-spacing-left-large:2.56%;--awb-width-medium:100%;--awb-order-medium:0;--awb-spacing-right-medium:1.92%;--awb-spacing-left-medium:1.92%;--awb-width-small:100%;--awb-order-small:0;--awb-spacing-right-small:1.92%;--awb-spacing-left-small:1.92%;\"><div class=\"fusion-column-wrapper fusion-column-has-shadow fusion-flex-justify-content-flex-start fusion-content-layout-column\"><div class=\"fusion-text fusion-text-2\"><ul>\n<li>Acentelik S\u00f6zle\u015fmeleri<\/li>\n<li>Yapay Zek\u00e2 Destekli Mimari Tasar\u0131m S\u00f6zle\u015fmeleri<\/li>\n<li>Yapay Zek\u00e2 Destekli Hizmet S\u00f6zle\u015fmeleri<\/li>\n<li>\u0130\u015fbirli\u011fi veya Komisyon S\u00f6zle\u015fmeleri<\/li>\n<li>Ticari Kiralamalar<\/li>\n<li>Dan\u0131\u015fmanl\u0131k S\u00f6zle\u015fmeleri<\/li>\n<li>\u0130n\u015faat S\u00f6zle\u015fmeleri<\/li>\n<li>Veri \u0130\u015fleme S\u00f6zle\u015fmeleri<\/li>\n<li>Da\u011f\u0131t\u0131m S\u00f6zle\u015fmeleri<\/li>\n<li>Franchise S\u00f6zle\u015fmeleri<\/li>\n<li>Yat\u0131r\u0131m S\u00f6zle\u015fmeleri<\/li>\n<li>Lisans S\u00f6zle\u015fmeleri<\/li>\n<li>Bak\u0131m ve Onar\u0131m S\u00f6zle\u015fmeleri<\/li>\n<li>Gizlilik S\u00f6zle\u015fmeleri<\/li>\n<li>D\u0131\u015f Kaynak Kullan\u0131m\u0131 ve Ta\u015feron S\u00f6zle\u015fmeleri<\/li>\n<li>Hissedarlar S\u00f6zle\u015fmeleri<\/li>\n<li>Ara\u015ft\u0131rma veya Ar-Ge S\u00f6zle\u015fmeleri<\/li>\n<li>Hizmet S\u00f6zle\u015fmeleri<\/li>\n<li>\u00c7er\u00e7eve Hizmet S\u00f6zle\u015fmeleri<\/li>\n<li>Tedarik S\u00f6zle\u015fmeleri<\/li>\n<li>Yaz\u0131l\u0131m Geli\u015ftirme S\u00f6zle\u015fmeleri<\/li>\n<li>Alt Y\u00fcklenici S\u00f6zle\u015fmeleri<\/li>\n<li>Tedarik \u00dcretim S\u00f6zle\u015fmeleri<\/li>\n<li>Yaz\u0131l\u0131m Geli\u015ftirme ya da Yaz\u0131l\u0131m Hizmet S\u00f6zle\u015fmeleri<\/li>\n<li>Teknoloji\/Proje Geli\u015ftirme S\u00f6zle\u015fmeleri<\/li>\n<\/ul>\n<\/div><\/div><\/div><\/div><\/div><\/div><\/div><\/div><\/p>\n","protected":false},"excerpt":{"rendered":"","protected":false},"author":1,"featured_media":0,"parent":1680,"menu_order":0,"comment_status":"closed","ping_status":"closed","template":"100-width.php","meta":{"_monsterinsights_skip_tracking":false,"_monsterinsights_sitenote_active":false,"_monsterinsights_sitenote_note":"","_monsterinsights_sitenote_category":0,"_uf_show_specific_survey":0,"_uf_disable_surveys":false,"footnotes":""},"class_list":["post-1695","page","type-page","status-publish","hentry"],"aioseo_notices":[],"_links":{"self":[{"href":"https:\/\/bnhukuk.com\/tr\/wp-json\/wp\/v2\/pages\/1695","targetHints":{"allow":["GET"]}}],"collection":[{"href":"https:\/\/bnhukuk.com\/tr\/wp-json\/wp\/v2\/pages"}],"about":[{"href":"https:\/\/bnhukuk.com\/tr\/wp-json\/wp\/v2\/types\/page"}],"author":[{"embeddable":true,"href":"https:\/\/bnhukuk.com\/tr\/wp-json\/wp\/v2\/users\/1"}],"replies":[{"embeddable":true,"href":"https:\/\/bnhukuk.com\/tr\/wp-json\/wp\/v2\/comments?post=1695"}],"version-history":[{"count":2,"href":"https:\/\/bnhukuk.com\/tr\/wp-json\/wp\/v2\/pages\/1695\/revisions"}],"predecessor-version":[{"id":1697,"href":"https:\/\/bnhukuk.com\/tr\/wp-json\/wp\/v2\/pages\/1695\/revisions\/1697"}],"up":[{"embeddable":true,"href":"https:\/\/bnhukuk.com\/tr\/wp-json\/wp\/v2\/pages\/1680"}],"wp:attachment":[{"href":"https:\/\/bnhukuk.com\/tr\/wp-json\/wp\/v2\/media?parent=1695"}],"curies":[{"name":"wp","href":"https:\/\/api.w.org\/{rel}","templated":true}]}}